{"id":43,"date":"2021-09-07T10:31:58","date_gmt":"2021-09-07T10:31:58","guid":{"rendered":"http:\/\/przymierzeziemiapiska.pl\/?page_id=43"},"modified":"2025-01-21T12:28:24","modified_gmt":"2025-01-21T12:28:24","slug":"start","status":"publish","type":"page","link":"http:\/\/przymierzeziemiapiska.pl\/","title":{"rendered":"Strona g\u0142\u00f3wna"},"content":{"rendered":"\n<hr class=\"wp-block-separator has-text-color has-white-color has-alpha-channel-opacity has-white-background-color has-background\"\/>\n\n\n\n<p class=\"has-text-align-center has-medium-font-size\"><strong>Stowarzyszenie \u201ePrzymierze\u2013Ziemia Piska\u201d z siedzib\u0105 w Piszu prowadzi od 2002r Warsztaty Terapii Zaj\u0119ciowej.<\/strong><\/p>\n\n\n\n<p class=\"has-text-align-center has-medium-font-size\"><strong> Od 2007r O\u015brodek Rewalidacyjno-Edukacyjno-Wychowawczy.<br>W 2021r utworzono Centrum Edukacji i Terapii: OREW oraz Szko\u0142a Przysposabiaj\u0105ca do Pracy.<\/strong><\/p>\n\n\n\n<figure class=\"wp-block-image size-full\"><img loading=\"lazy\" decoding=\"async\" width=\"960\" height=\"350\" src=\"http:\/\/przymierzeziemiapiska.pl\/wp-content\/uploads\/2024\/07\/naglowek.png\" alt=\"\" class=\"wp-image-103\" srcset=\"http:\/\/przymierzeziemiapiska.pl\/wp-content\/uploads\/2024\/07\/naglowek.png 960w, http:\/\/przymierzeziemiapiska.pl\/wp-content\/uploads\/2024\/07\/naglowek-300x109.png 300w, http:\/\/przymierzeziemiapiska.pl\/wp-content\/uploads\/2024\/07\/naglowek-768x280.png 768w\" sizes=\"auto, (max-width: 960px) 100vw, 960px\" \/><\/figure>\n\n\n\n<p><\/p>\n","protected":false},"excerpt":{"rendered":"<p>Stowarzyszenie \u201ePrzymierze\u2013Ziemia Piska\u201d z siedzib\u0105 w Piszu prowadzi od 2002r Warsztaty Terapii Zaj\u0119ciowej. Od 2007r O\u015brodek Rewalidacyjno-Edukacyjno-Wychowawczy.W 2021r utworzono Centrum Edukacji i Terapii: OREW oraz Szko\u0142a Przysposabiaj\u0105ca do Pracy.<\/p>\n","protected":false},"author":1,"featured_media":0,"parent":0,"menu_order":0,"comment_status":"closed","ping_status":"closed","template":"","meta":{"footnotes":""},"class_list":["post-43","page","type-page","status-publish","hentry"],"_links":{"self":[{"href":"http:\/\/przymierzeziemiapiska.pl\/index.php\/wp-json\/wp\/v2\/pages\/43","targetHints":{"allow":["GET"]}}],"collection":[{"href":"http:\/\/przymierzeziemiapiska.pl\/index.php\/wp-json\/wp\/v2\/pages"}],"about":[{"href":"http:\/\/przymierzeziemiapiska.pl\/index.php\/wp-json\/wp\/v2\/types\/page"}],"author":[{"embeddable":true,"href":"http:\/\/przymierzeziemiapiska.pl\/index.php\/wp-json\/wp\/v2\/users\/1"}],"replies":[{"embeddable":true,"href":"http:\/\/przymierzeziemiapiska.pl\/index.php\/wp-json\/wp\/v2\/comments?post=43"}],"version-history":[{"count":12,"href":"http:\/\/przymierzeziemiapiska.pl\/index.php\/wp-json\/wp\/v2\/pages\/43\/revisions"}],"predecessor-version":[{"id":151,"href":"http:\/\/przymierzeziemiapiska.pl\/index.php\/wp-json\/wp\/v2\/pages\/43\/revisions\/151"}],"wp:attachment":[{"href":"http:\/\/przymierzeziemiapiska.pl\/index.php\/wp-json\/wp\/v2\/media?parent=43"}],"curies":[{"name":"wp","href":"https:\/\/api.w.org\/{rel}","templated":true}]}}