{"id":2,"date":"2021-09-07T11:18:17","date_gmt":"2021-09-07T11:18:17","guid":{"rendered":"http:\/\/przymierzeziemiapiska.pl\/?page_id=2"},"modified":"2024-07-09T11:35:24","modified_gmt":"2024-07-09T11:35:24","slug":"sample-page","status":"publish","type":"page","link":"http:\/\/przymierzeziemiapiska.pl\/index.php\/sample-page\/","title":{"rendered":"podaruj 1,5% podatku"},"content":{"rendered":"\n<figure class=\"wp-block-image size-full\"><img loading=\"lazy\" decoding=\"async\" width=\"960\" height=\"350\" src=\"http:\/\/przymierzeziemiapiska.pl\/wp-content\/uploads\/2024\/07\/naglowek.png\" alt=\"\" class=\"wp-image-103\" srcset=\"http:\/\/przymierzeziemiapiska.pl\/wp-content\/uploads\/2024\/07\/naglowek.png 960w, http:\/\/przymierzeziemiapiska.pl\/wp-content\/uploads\/2024\/07\/naglowek-300x109.png 300w, http:\/\/przymierzeziemiapiska.pl\/wp-content\/uploads\/2024\/07\/naglowek-768x280.png 768w\" sizes=\"auto, (max-width: 960px) 100vw, 960px\" \/><\/figure>\n\n\n\n<p>wspom\u00f3\u017c nas przekazuj\u0105c darowizn\u0119 na nr konta<\/p>\n\n\n\n<p><strong>96 9364 0000 2002 2014 4915 0001<\/strong><\/p>\n","protected":false},"excerpt":{"rendered":"<p>wspom\u00f3\u017c nas przekazuj\u0105c darowizn\u0119 na nr konta 96 9364 0000 2002 2014 4915 0001<\/p>\n","protected":false},"author":1,"featured_media":0,"parent":0,"menu_order":0,"comment_status":"closed","ping_status":"open","template":"","meta":{"footnotes":""},"class_list":["post-2","page","type-page","status-publish","hentry"],"_links":{"self":[{"href":"http:\/\/przymierzeziemiapiska.pl\/index.php\/wp-json\/wp\/v2\/pages\/2","targetHints":{"allow":["GET"]}}],"collection":[{"href":"http:\/\/przymierzeziemiapiska.pl\/index.php\/wp-json\/wp\/v2\/pages"}],"about":[{"href":"http:\/\/przymierzeziemiapiska.pl\/index.php\/wp-json\/wp\/v2\/types\/page"}],"author":[{"embeddable":true,"href":"http:\/\/przymierzeziemiapiska.pl\/index.php\/wp-json\/wp\/v2\/users\/1"}],"replies":[{"embeddable":true,"href":"http:\/\/przymierzeziemiapiska.pl\/index.php\/wp-json\/wp\/v2\/comments?post=2"}],"version-history":[{"count":3,"href":"http:\/\/przymierzeziemiapiska.pl\/index.php\/wp-json\/wp\/v2\/pages\/2\/revisions"}],"predecessor-version":[{"id":135,"href":"http:\/\/przymierzeziemiapiska.pl\/index.php\/wp-json\/wp\/v2\/pages\/2\/revisions\/135"}],"wp:attachment":[{"href":"http:\/\/przymierzeziemiapiska.pl\/index.php\/wp-json\/wp\/v2\/media?parent=2"}],"curies":[{"name":"wp","href":"https:\/\/api.w.org\/{rel}","templated":true}]}}